{"id":44910,"date":"2022-06-02T09:40:51","date_gmt":"2022-06-02T09:40:51","guid":{"rendered":"https:\/\/demo25.houzez.co\/?page_id=44910"},"modified":"2022-06-02T09:40:51","modified_gmt":"2022-06-02T09:40:51","slug":"with-content-bottom","status":"publish","type":"page","link":"https:\/\/houzez.com.tr\/index.php\/with-content-bottom\/","title":{"rendered":"With Content Bottom"},"content":{"rendered":"\t\t<div data-elementor-type=\"wp-page\" data-elementor-id=\"44910\" class=\"elementor elementor-44910\" data-elementor-post-type=\"page\">\n\t\t\t\t\t\t<section class=\"elementor-section elementor-top-section elementor-element elementor-element-7c8ae270 elementor-section-full_width elementor-section-height-default elementor-section-height-default\" data-id=\"7c8ae270\" data-element_type=\"section\" data-e-type=\"section\">\n\t\t\t\t\t\t<div class=\"elementor-container elementor-column-gap-default\">\n\t\t\t\t\t<div class=\"elementor-column elementor-col-100 elementor-top-column elementor-element elementor-element-53ccf6cb\" data-id=\"53ccf6cb\" data-element_type=\"column\" data-e-type=\"column\">\n\t\t\t<div class=\"elementor-widget-wrap elementor-element-populated\">\n\t\t\t\t\t\t<div class=\"elementor-element elementor-element-a651191 elementor-widget elementor-widget-text-editor\" data-id=\"a651191\" data-element_type=\"widget\" data-e-type=\"widget\" data-widget_type=\"text-editor.default\">\n\t\t\t\t<div class=\"elementor-widget-container\">\n\t\t\t\t\t\t\t\t\t\n<p>Quisque purus metus, feugiat faucibus faucibus ut, vestibulum vitae mi. Praesent tortor nulla, fringilla ut efficitur quis, rutrum eget lectus. Fusce nec dui nec neque volutpat egestas. Maecenas vitae diam ac tellus aliquet volutpat eget vitae nisl. Donec ut metus in nulla convallis porta. Sed in odio orci. Nam rutrum ipsum elit, id facilisis nisi rutrum quis. Lorem ipsum dolor sit amet, consectetur adipiscing elit. Nunc pretium, lorem in eleifend molestie, mauris tortor rutrum quam, sed gravida justo ligula non eros. Sed rutrum nisi vitae eros ultrices, vitae rutrum mi semper.<\/p>\n\n<p>Quisque purus metus, feugiat faucibus faucibus ut, vestibulum vitae mi. Praesent tortor nulla, fringilla ut efficitur quis, rutrum eget lectus. Fusce nec dui nec neque volutpat egestas. Maecenas vitae diam ac tellus aliquet volutpat eget vitae nisl. Donec ut metus in nulla convallis porta. Sed in odio orci. Nam rutrum ipsum elit, id facilisis nisi rutrum quis.<\/p>\n\n<p>Lorem ipsum dolor sit amet, consectetur adipiscing elit. Nunc pretium, lorem in eleifend molestie, mauris tortor rutrum quam, sed gravida justo ligula non eros. Sed rutrum nisi vitae eros ultrices, vitae rutrum mi semper.<\/p>\n\t\t\t\t\t\t\t\t<\/div>\n\t\t\t\t<\/div>\n\t\t\t\t\t<\/div>\n\t\t<\/div>\n\t\t\t\t\t<\/div>\n\t\t<\/section>\n\t\t\t\t<\/div>\n\t\t","protected":false},"excerpt":{"rendered":"<p>Quisque purus metus, feugiat faucibus faucibus ut, vestibulum vitae mi. Praesent tortor nulla, fringilla ut efficitur quis, rutrum eget lectus. Fusce nec dui nec neque volutpat egestas. Maecenas vitae diam ac tellus aliquet volutpat eget vitae nisl. Donec ut metus in nulla convallis porta. Sed in odio orci. Nam rutrum ipsum elit, id facilisis nisi [&hellip;]<\/p>\n","protected":false},"author":1,"featured_media":0,"parent":0,"menu_order":0,"comment_status":"closed","ping_status":"closed","template":"template\/template-listing-grid-v5-fullwidth-3cols.php","meta":{"rs_blank_template":"","rs_page_bg_color":"","slide_template_v7":"","footnotes":""},"class_list":["post-44910","page","type-page","status-publish","hentry"],"yoast_head":"<!-- This site is optimized with the Yoast SEO Premium plugin v27.3 (Yoast SEO v27.5) - https:\/\/yoast.com\/product\/yoast-seo-premium-wordpress\/ -->\n<title>With Content Bottom - houzez Houzez HOUZEZ www.houzez.com.tr info@houzez.com.tr 05519715791 aktif gayrimenkul Aktif Gayrimenkul www.aktifgayrimenkul.com.tr info@aktifgayrimenkul.com. tr AKT\u0130F GAYR\u0130MENKUL EV SAT KURUMSAL H\u0130ZMETLER\u0130M\u0130Z SATILIK K\u0130RALIK PROJELER \u0130LET\u0130\u015e\u0130M ALSAT ALIMSATIM EVSAT ARSASAT DA\u0130RESAT SATI\u015e G\u00d6\u00c7 V\u0130ZE PASAPORT B\u0130LET YERLES\u0130M YER\u0130 \u0130KAMETGAH EMLAK EV KONUT GAYR\u0130MENKUL DA\u0130RE DEVREM\u00dcLK EMLAK OF\u0130S\u0130 YAPI \u0130N\u015eAAT DEKORASYON TAPU OF\u0130S V\u0130LLA M\u00dcSTAK\u0130L EV B\u0130NA PROJELER TUR\u0130ST\u0130K TES\u0130S ARAZ\u0130 ARSA TARLA KAT KAR\u015eILI\u011eI ARSA DEVREN \u0130\u015e YER\u0130 YABANCI EV SATI\u015eI B\u0130TCO\u0130N AKB\u0130LCO\u0130N B\u0130ZE U\u011eRAMADAN EV ALMAYIN...<\/title>\n<meta name=\"robots\" content=\"index, follow, max-snippet:-1, max-image-preview:large, max-video-preview:-1\" \/>\n<link rel=\"canonical\" href=\"https:\/\/houzez.com.tr\/index.php\/with-content-bottom\/\" \/>\n<meta property=\"og:locale\" content=\"en_US\" \/>\n<meta property=\"og:type\" content=\"article\" \/>\n<meta property=\"og:title\" content=\"With Content Bottom\" \/>\n<meta property=\"og:description\" content=\"Quisque purus metus, feugiat faucibus faucibus ut, vestibulum vitae mi. Praesent tortor nulla, fringilla ut efficitur quis, rutrum eget lectus. Fusce nec dui nec neque volutpat egestas. Maecenas vitae diam ac tellus aliquet volutpat eget vitae nisl. Donec ut metus in nulla convallis porta. Sed in odio orci. Nam rutrum ipsum elit, id facilisis nisi [&hellip;]\" \/>\n<meta property=\"og:url\" content=\"https:\/\/houzez.com.tr\/index.php\/with-content-bottom\/\" \/>\n<meta property=\"og:site_name\" content=\"houzez Houzez HOUZEZ www.houzez.com.tr info@houzez.com.tr 05519715791 aktif gayrimenkul Aktif Gayrimenkul www.aktifgayrimenkul.com.tr info@aktifgayrimenkul.com. tr AKT\u0130F GAYR\u0130MENKUL EV SAT KURUMSAL H\u0130ZMETLER\u0130M\u0130Z SATILIK K\u0130RALIK PROJELER \u0130LET\u0130\u015e\u0130M ALSAT ALIMSATIM EVSAT ARSASAT DA\u0130RESAT SATI\u015e G\u00d6\u00c7 V\u0130ZE PASAPORT B\u0130LET YERLES\u0130M YER\u0130 \u0130KAMETGAH EMLAK EV KONUT GAYR\u0130MENKUL DA\u0130RE DEVREM\u00dcLK EMLAK OF\u0130S\u0130 YAPI \u0130N\u015eAAT DEKORASYON TAPU OF\u0130S V\u0130LLA M\u00dcSTAK\u0130L EV B\u0130NA PROJELER TUR\u0130ST\u0130K TES\u0130S ARAZ\u0130 ARSA TARLA KAT KAR\u015eILI\u011eI ARSA DEVREN \u0130\u015e YER\u0130 YABANCI EV SATI\u015eI B\u0130TCO\u0130N AKB\u0130LCO\u0130N B\u0130ZE U\u011eRAMADAN EV ALMAYIN...\" \/>\n<meta name=\"twitter:card\" content=\"summary_large_image\" \/>\n<meta name=\"twitter:label1\" content=\"Est. reading time\" \/>\n\t<meta name=\"twitter:data1\" content=\"1 minute\" \/>\n<script type=\"application\/ld+json\" class=\"yoast-schema-graph\">{\"@context\":\"https:\\\/\\\/schema.org\",\"@graph\":[{\"@type\":\"WebPage\",\"@id\":\"https:\\\/\\\/houzez.com.tr\\\/index.php\\\/with-content-bottom\\\/\",\"url\":\"https:\\\/\\\/houzez.com.tr\\\/index.php\\\/with-content-bottom\\\/\",\"name\":\"With Content Bottom - houzez Houzez HOUZEZ www.houzez.com.tr info@houzez.com.tr 05519715791 aktif gayrimenkul Aktif Gayrimenkul www.aktifgayrimenkul.com.tr info@aktifgayrimenkul.com. tr AKT\u0130F GAYR\u0130MENKUL EV SAT KURUMSAL H\u0130ZMETLER\u0130M\u0130Z SATILIK K\u0130RALIK PROJELER \u0130LET\u0130\u015e\u0130M ALSAT ALIMSATIM EVSAT ARSASAT DA\u0130RESAT SATI\u015e G\u00d6\u00c7 V\u0130ZE PASAPORT B\u0130LET YERLES\u0130M YER\u0130 \u0130KAMETGAH EMLAK EV KONUT GAYR\u0130MENKUL DA\u0130RE DEVREM\u00dcLK EMLAK OF\u0130S\u0130 YAPI \u0130N\u015eAAT DEKORASYON TAPU OF\u0130S V\u0130LLA M\u00dcSTAK\u0130L EV B\u0130NA PROJELER TUR\u0130ST\u0130K TES\u0130S ARAZ\u0130 ARSA TARLA KAT KAR\u015eILI\u011eI ARSA DEVREN \u0130\u015e YER\u0130 YABANCI EV SATI\u015eI B\u0130TCO\u0130N AKB\u0130LCO\u0130N B\u0130ZE U\u011eRAMADAN EV ALMAYIN...\",\"isPartOf\":{\"@id\":\"https:\\\/\\\/houzez.com.tr\\\/#website\"},\"datePublished\":\"2022-06-02T09:40:51+00:00\",\"breadcrumb\":{\"@id\":\"https:\\\/\\\/houzez.com.tr\\\/index.php\\\/with-content-bottom\\\/#breadcrumb\"},\"inLanguage\":\"en-US\",\"potentialAction\":[{\"@type\":\"ReadAction\",\"target\":[\"https:\\\/\\\/houzez.com.tr\\\/index.php\\\/with-content-bottom\\\/\"]}]},{\"@type\":\"BreadcrumbList\",\"@id\":\"https:\\\/\\\/houzez.com.tr\\\/index.php\\\/with-content-bottom\\\/#breadcrumb\",\"itemListElement\":[{\"@type\":\"ListItem\",\"position\":1,\"name\":\"Home\",\"item\":\"https:\\\/\\\/houzez.com.tr\\\/\"},{\"@type\":\"ListItem\",\"position\":2,\"name\":\"With Content Bottom\"}]},{\"@type\":\"WebSite\",\"@id\":\"https:\\\/\\\/houzez.com.tr\\\/#website\",\"url\":\"https:\\\/\\\/houzez.com.tr\\\/\",\"name\":\"houzez Houzez HOUZEZ www.houzez.com.tr info@houzez.com.tr 05519715791 aktif gayrimenkul Aktif Gayrimenkul www.aktifgayrimenkul.com.tr info@aktifgayrimenkul.com. tr AKT\u0130F GAYR\u0130MENKUL EV SAT KURUMSAL H\u0130ZMETLER\u0130M\u0130Z SATILIK K\u0130RALIK PROJELER \u0130LET\u0130\u015e\u0130M ALSAT ALIMSATIM EVSAT ARSASAT DA\u0130RESAT SATI\u015e G\u00d6\u00c7 V\u0130ZE PASAPORT B\u0130LET YERLES\u0130M YER\u0130 \u0130KAMETGAH EMLAK EV KONUT GAYR\u0130MENKUL DA\u0130RE DEVREM\u00dcLK EMLAK OF\u0130S\u0130 YAPI \u0130N\u015eAAT DEKORASYON TAPU OF\u0130S V\u0130LLA M\u00dcSTAK\u0130L EV B\u0130NA PROJELER TUR\u0130ST\u0130K TES\u0130S ARAZ\u0130 ARSA TARLA KAT KAR\u015eILI\u011eI ARSA DEVREN \u0130\u015e YER\u0130 YABANCI EV SATI\u015eI B\u0130TCO\u0130N AKB\u0130LCO\u0130N B\u0130ZE U\u011eRAMADAN EV ALMAYIN...\",\"description\":\"houzez Houzez HOUZEZ www.houzez.com.tr info@houzez.com.tr 05519715791 aktif gayrimenkul Aktif Gayrimenkul  www.aktifgayrimenkul.com.tr   info@aktifgayrimenkul.com. tr  AKT\u0130F GAYR\u0130MENKUL EV SAT KURUMSAL H\u0130ZMETLER\u0130M\u0130Z  SATILIK K\u0130RALIK PROJELER \u0130LET\u0130\u015e\u0130M ALSAT ALIMSATIM  EVSAT ARSASAT DA\u0130RESAT SATI\u015e G\u00d6\u00c7 V\u0130ZE  PASAPORT B\u0130LET YERLES\u0130M YER\u0130 \u0130KAMETGAH  EMLAK EV KONUT GAYR\u0130MENKUL DA\u0130RE DEVREM\u00dcLK  EMLAK OF\u0130S\u0130 YAPI \u0130N\u015eAAT DEKORASYON  TAPU OF\u0130S V\u0130LLA M\u00dcSTAK\u0130L EV B\u0130NA PROJELER  TUR\u0130ST\u0130K TES\u0130S ARAZ\u0130 ARSA TARLA  KAT KAR\u015eILI\u011eI ARSA DEVREN \u0130\u015e YER\u0130  YABANCI EV SATI\u015eI B\u0130TCO\u0130N AKB\u0130LCO\u0130N B\u0130ZE U\u011eRAMADAN EV ALMAYIN...\",\"potentialAction\":[{\"@type\":\"SearchAction\",\"target\":{\"@type\":\"EntryPoint\",\"urlTemplate\":\"https:\\\/\\\/houzez.com.tr\\\/?s={search_term_string}\"},\"query-input\":{\"@type\":\"PropertyValueSpecification\",\"valueRequired\":true,\"valueName\":\"search_term_string\"}}],\"inLanguage\":\"en-US\"}]}<\/script>\n<!-- \/ Yoast SEO Premium plugin. -->","yoast_head_json":{"title":"With Content Bottom - houzez Houzez HOUZEZ www.houzez.com.tr info@houzez.com.tr 05519715791 aktif gayrimenkul Aktif Gayrimenkul www.aktifgayrimenkul.com.tr info@aktifgayrimenkul.com. tr AKT\u0130F GAYR\u0130MENKUL EV SAT KURUMSAL H\u0130ZMETLER\u0130M\u0130Z SATILIK K\u0130RALIK PROJELER \u0130LET\u0130\u015e\u0130M ALSAT ALIMSATIM EVSAT ARSASAT DA\u0130RESAT SATI\u015e G\u00d6\u00c7 V\u0130ZE PASAPORT B\u0130LET YERLES\u0130M YER\u0130 \u0130KAMETGAH EMLAK EV KONUT GAYR\u0130MENKUL DA\u0130RE DEVREM\u00dcLK EMLAK OF\u0130S\u0130 YAPI \u0130N\u015eAAT DEKORASYON TAPU OF\u0130S V\u0130LLA M\u00dcSTAK\u0130L EV B\u0130NA PROJELER TUR\u0130ST\u0130K TES\u0130S ARAZ\u0130 ARSA TARLA KAT KAR\u015eILI\u011eI ARSA DEVREN \u0130\u015e YER\u0130 YABANCI EV SATI\u015eI B\u0130TCO\u0130N AKB\u0130LCO\u0130N B\u0130ZE U\u011eRAMADAN EV ALMAYIN...","robots":{"index":"index","follow":"follow","max-snippet":"max-snippet:-1","max-image-preview":"max-image-preview:large","max-video-preview":"max-video-preview:-1"},"canonical":"https:\/\/houzez.com.tr\/index.php\/with-content-bottom\/","og_locale":"en_US","og_type":"article","og_title":"With Content Bottom","og_description":"Quisque purus metus, feugiat faucibus faucibus ut, vestibulum vitae mi. Praesent tortor nulla, fringilla ut efficitur quis, rutrum eget lectus. Fusce nec dui nec neque volutpat egestas. Maecenas vitae diam ac tellus aliquet volutpat eget vitae nisl. Donec ut metus in nulla convallis porta. Sed in odio orci. Nam rutrum ipsum elit, id facilisis nisi [&hellip;]","og_url":"https:\/\/houzez.com.tr\/index.php\/with-content-bottom\/","og_site_name":"houzez Houzez HOUZEZ www.houzez.com.tr info@houzez.com.tr 05519715791 aktif gayrimenkul Aktif Gayrimenkul www.aktifgayrimenkul.com.tr info@aktifgayrimenkul.com. tr AKT\u0130F GAYR\u0130MENKUL EV SAT KURUMSAL H\u0130ZMETLER\u0130M\u0130Z SATILIK K\u0130RALIK PROJELER \u0130LET\u0130\u015e\u0130M ALSAT ALIMSATIM EVSAT ARSASAT DA\u0130RESAT SATI\u015e G\u00d6\u00c7 V\u0130ZE PASAPORT B\u0130LET YERLES\u0130M YER\u0130 \u0130KAMETGAH EMLAK EV KONUT GAYR\u0130MENKUL DA\u0130RE DEVREM\u00dcLK EMLAK OF\u0130S\u0130 YAPI \u0130N\u015eAAT DEKORASYON TAPU OF\u0130S V\u0130LLA M\u00dcSTAK\u0130L EV B\u0130NA PROJELER TUR\u0130ST\u0130K TES\u0130S ARAZ\u0130 ARSA TARLA KAT KAR\u015eILI\u011eI ARSA DEVREN \u0130\u015e YER\u0130 YABANCI EV SATI\u015eI B\u0130TCO\u0130N AKB\u0130LCO\u0130N B\u0130ZE U\u011eRAMADAN EV ALMAYIN...","twitter_card":"summary_large_image","twitter_misc":{"Est. reading time":"1 minute"},"schema":{"@context":"https:\/\/schema.org","@graph":[{"@type":"WebPage","@id":"https:\/\/houzez.com.tr\/index.php\/with-content-bottom\/","url":"https:\/\/houzez.com.tr\/index.php\/with-content-bottom\/","name":"With Content Bottom - houzez Houzez HOUZEZ www.houzez.com.tr info@houzez.com.tr 05519715791 aktif gayrimenkul Aktif Gayrimenkul www.aktifgayrimenkul.com.tr info@aktifgayrimenkul.com. tr AKT\u0130F GAYR\u0130MENKUL EV SAT KURUMSAL H\u0130ZMETLER\u0130M\u0130Z SATILIK K\u0130RALIK PROJELER \u0130LET\u0130\u015e\u0130M ALSAT ALIMSATIM EVSAT ARSASAT DA\u0130RESAT SATI\u015e G\u00d6\u00c7 V\u0130ZE PASAPORT B\u0130LET YERLES\u0130M YER\u0130 \u0130KAMETGAH EMLAK EV KONUT GAYR\u0130MENKUL DA\u0130RE DEVREM\u00dcLK EMLAK OF\u0130S\u0130 YAPI \u0130N\u015eAAT DEKORASYON TAPU OF\u0130S V\u0130LLA M\u00dcSTAK\u0130L EV B\u0130NA PROJELER TUR\u0130ST\u0130K TES\u0130S ARAZ\u0130 ARSA TARLA KAT KAR\u015eILI\u011eI ARSA DEVREN \u0130\u015e YER\u0130 YABANCI EV SATI\u015eI B\u0130TCO\u0130N AKB\u0130LCO\u0130N B\u0130ZE U\u011eRAMADAN EV ALMAYIN...","isPartOf":{"@id":"https:\/\/houzez.com.tr\/#website"},"datePublished":"2022-06-02T09:40:51+00:00","breadcrumb":{"@id":"https:\/\/houzez.com.tr\/index.php\/with-content-bottom\/#breadcrumb"},"inLanguage":"en-US","potentialAction":[{"@type":"ReadAction","target":["https:\/\/houzez.com.tr\/index.php\/with-content-bottom\/"]}]},{"@type":"BreadcrumbList","@id":"https:\/\/houzez.com.tr\/index.php\/with-content-bottom\/#breadcrumb","itemListElement":[{"@type":"ListItem","position":1,"name":"Home","item":"https:\/\/houzez.com.tr\/"},{"@type":"ListItem","position":2,"name":"With Content Bottom"}]},{"@type":"WebSite","@id":"https:\/\/houzez.com.tr\/#website","url":"https:\/\/houzez.com.tr\/","name":"houzez Houzez HOUZEZ www.houzez.com.tr info@houzez.com.tr 05519715791 aktif gayrimenkul Aktif Gayrimenkul www.aktifgayrimenkul.com.tr info@aktifgayrimenkul.com. tr AKT\u0130F GAYR\u0130MENKUL EV SAT KURUMSAL H\u0130ZMETLER\u0130M\u0130Z SATILIK K\u0130RALIK PROJELER \u0130LET\u0130\u015e\u0130M ALSAT ALIMSATIM EVSAT ARSASAT DA\u0130RESAT SATI\u015e G\u00d6\u00c7 V\u0130ZE PASAPORT B\u0130LET YERLES\u0130M YER\u0130 \u0130KAMETGAH EMLAK EV KONUT GAYR\u0130MENKUL DA\u0130RE DEVREM\u00dcLK EMLAK OF\u0130S\u0130 YAPI \u0130N\u015eAAT DEKORASYON TAPU OF\u0130S V\u0130LLA M\u00dcSTAK\u0130L EV B\u0130NA PROJELER TUR\u0130ST\u0130K TES\u0130S ARAZ\u0130 ARSA TARLA KAT KAR\u015eILI\u011eI ARSA DEVREN \u0130\u015e YER\u0130 YABANCI EV SATI\u015eI B\u0130TCO\u0130N AKB\u0130LCO\u0130N B\u0130ZE U\u011eRAMADAN EV ALMAYIN...","description":"houzez Houzez HOUZEZ www.houzez.com.tr info@houzez.com.tr 05519715791 aktif gayrimenkul Aktif Gayrimenkul  www.aktifgayrimenkul.com.tr   info@aktifgayrimenkul.com. tr  AKT\u0130F GAYR\u0130MENKUL EV SAT KURUMSAL H\u0130ZMETLER\u0130M\u0130Z  SATILIK K\u0130RALIK PROJELER \u0130LET\u0130\u015e\u0130M ALSAT ALIMSATIM  EVSAT ARSASAT DA\u0130RESAT SATI\u015e G\u00d6\u00c7 V\u0130ZE  PASAPORT B\u0130LET YERLES\u0130M YER\u0130 \u0130KAMETGAH  EMLAK EV KONUT GAYR\u0130MENKUL DA\u0130RE DEVREM\u00dcLK  EMLAK OF\u0130S\u0130 YAPI \u0130N\u015eAAT DEKORASYON  TAPU OF\u0130S V\u0130LLA M\u00dcSTAK\u0130L EV B\u0130NA PROJELER  TUR\u0130ST\u0130K TES\u0130S ARAZ\u0130 ARSA TARLA  KAT KAR\u015eILI\u011eI ARSA DEVREN \u0130\u015e YER\u0130  YABANCI EV SATI\u015eI B\u0130TCO\u0130N AKB\u0130LCO\u0130N B\u0130ZE U\u011eRAMADAN EV ALMAYIN...","potentialAction":[{"@type":"SearchAction","target":{"@type":"EntryPoint","urlTemplate":"https:\/\/houzez.com.tr\/?s={search_term_string}"},"query-input":{"@type":"PropertyValueSpecification","valueRequired":true,"valueName":"search_term_string"}}],"inLanguage":"en-US"}]}},"_hostinger_reach_plugin_has_subscription_block":false,"_hostinger_reach_plugin_is_elementor":false,"_links":{"self":[{"href":"https:\/\/houzez.com.tr\/index.php\/wp-json\/wp\/v2\/pages\/44910","targetHints":{"allow":["GET"]}}],"collection":[{"href":"https:\/\/houzez.com.tr\/index.php\/wp-json\/wp\/v2\/pages"}],"about":[{"href":"https:\/\/houzez.com.tr\/index.php\/wp-json\/wp\/v2\/types\/page"}],"author":[{"embeddable":true,"href":"https:\/\/houzez.com.tr\/index.php\/wp-json\/wp\/v2\/users\/1"}],"replies":[{"embeddable":true,"href":"https:\/\/houzez.com.tr\/index.php\/wp-json\/wp\/v2\/comments?post=44910"}],"version-history":[{"count":0,"href":"https:\/\/houzez.com.tr\/index.php\/wp-json\/wp\/v2\/pages\/44910\/revisions"}],"wp:attachment":[{"href":"https:\/\/houzez.com.tr\/index.php\/wp-json\/wp\/v2\/media?parent=44910"}],"curies":[{"name":"wp","href":"https:\/\/api.w.org\/{rel}","templated":true}]}}